{"id":161,"date":"2024-11-02T11:53:55","date_gmt":"2024-11-02T10:53:55","guid":{"rendered":"https:\/\/fenstbau.com\/?page_id=161"},"modified":"2024-11-25T19:01:39","modified_gmt":"2024-11-25T18:01:39","slug":"windows","status":"publish","type":"page","link":"https:\/\/fenstbau.com\/de\/fenster\/","title":{"rendered":"Fenster"},"content":{"rendered":"<h1 class=\"wp-block-heading\">M\u00f6chten Sie aufr\u00fcsten?<\/h1>\n\n<p>Wir k\u00f6nnen eine Vielzahl von Optionen f\u00fcr Ihre Anforderungen und Ihr Budget anbieten.  Unsere Produkte k\u00f6nnen aus PVC, Aluminium oder Holz hergestellt werden.<\/p>\n\n<h3 class=\"wp-block-heading\">Lassen Sie uns reden<\/h3>\n\n<p>Nehmen Sie Kontakt mit uns auf und teilen Sie uns Ihren Bedarf mit.  Wir werden Ihnen bei Ihrem Projekt helfen.<\/p>\n\n<div class=\"wp-block-buttons is-layout-flex wp-block-buttons-is-layout-flex\"><div class=\"wp-block-button\"><a class=\"wp-block-button__link\">Kontakt<\/a><\/div><\/div>\n\n<h1 class=\"wp-block-heading\">Ma\u00dfgeschneiderte Fenster: in allen Formen, Gr\u00f6\u00dfen und Materialien - entworfen, gebaut und eingebaut<\/h1>\n\n<p>Erschwingliche, energieeffiziente und ma\u00dfgeschneiderte Fenstersysteme, die nach Ihren W\u00fcnschen angefertigt werden.\u00a0<\/p>\n<p>Mit beeindruckender W\u00e4rmed\u00e4mmung, langfristiger Haltbarkeit und individuellen Farb-, Design- und Beschlagsoptionen bieten unsere Fenster ein hervorragendes Preis-Leistungs-Verh\u00e4ltnis f\u00fcr alle, die ein Maximum an Leistung f\u00fcr ein kleines Budget suchen.<\/p>\n\n<figure class=\"wp-block-image size-large\"><img loading=\"lazy\" decoding=\"async\" width=\"819\" height=\"1024\" src=\"https:\/\/fenstbau.com\/wp-content\/uploads\/2024\/11\/front-restaurant-window-819x1024.jpg\" alt class=\"wp-image-128\" srcset=\"https:\/\/fenstbau.com\/wp-content\/uploads\/2024\/11\/front-restaurant-window-819x1024.jpg 819w, https:\/\/fenstbau.com\/wp-content\/uploads\/2024\/11\/front-restaurant-window-240x300.jpg 240w, https:\/\/fenstbau.com\/wp-content\/uploads\/2024\/11\/front-restaurant-window-768x960.jpg 768w, https:\/\/fenstbau.com\/wp-content\/uploads\/2024\/11\/front-restaurant-window-1229x1536.jpg 1229w, https:\/\/fenstbau.com\/wp-content\/uploads\/2024\/11\/front-restaurant-window-1638x2048.jpg 1638w, https:\/\/fenstbau.com\/wp-content\/uploads\/2024\/11\/front-restaurant-window-scaled.jpg 2048w\" sizes=\"auto, (max-width: 819px) 100vw, 819px\" \/><\/figure>\n\n<figure class=\"wp-block-image size-large\"><img loading=\"lazy\" decoding=\"async\" width=\"978\" height=\"1024\" src=\"https:\/\/fenstbau.com\/wp-content\/uploads\/2024\/11\/6-1-978x1024.jpg\" alt class=\"wp-image-278\" srcset=\"https:\/\/fenstbau.com\/wp-content\/uploads\/2024\/11\/6-1-978x1024.jpg 978w, https:\/\/fenstbau.com\/wp-content\/uploads\/2024\/11\/6-1-287x300.jpg 287w, https:\/\/fenstbau.com\/wp-content\/uploads\/2024\/11\/6-1-768x804.jpg 768w, https:\/\/fenstbau.com\/wp-content\/uploads\/2024\/11\/6-1-1467x1536.jpg 1467w, https:\/\/fenstbau.com\/wp-content\/uploads\/2024\/11\/6-1-1956x2048.jpg 1956w\" sizes=\"auto, (max-width: 978px) 100vw, 978px\" \/><\/figure>\n\n<figure class=\"wp-block-image size-large\"><img loading=\"lazy\" decoding=\"async\" width=\"1024\" height=\"683\" src=\"https:\/\/fenstbau.com\/wp-content\/uploads\/2024\/11\/floor-to-ceiling-sliding-aluminium-doors-villa-1024x683.jpg\" alt class=\"wp-image-122\" srcset=\"https:\/\/fenstbau.com\/wp-content\/uploads\/2024\/11\/floor-to-ceiling-sliding-aluminium-doors-villa-1024x683.jpg 1024w, https:\/\/fenstbau.com\/wp-content\/uploads\/2024\/11\/floor-to-ceiling-sliding-aluminium-doors-villa-300x200.jpg 300w, https:\/\/fenstbau.com\/wp-content\/uploads\/2024\/11\/floor-to-ceiling-sliding-aluminium-doors-villa-768x513.jpg 768w, https:\/\/fenstbau.com\/wp-content\/uploads\/2024\/11\/floor-to-ceiling-sliding-aluminium-doors-villa-1536x1025.jpg 1536w, https:\/\/fenstbau.com\/wp-content\/uploads\/2024\/11\/floor-to-ceiling-sliding-aluminium-doors-villa-2048x1367.jpg 2048w\" sizes=\"auto, (max-width: 1024px) 100vw, 1024px\" \/><\/figure>\n\n<h2 class=\"wp-block-heading\">Rahmenmaterialien: Holz, PVC, Aluminium oder Alu-Verkleidung<\/h2>\n\n<p>Wir bieten Fensterrahmen aus verschiedenen Materialien an, darunter Holz, Aluminium und PVC, oder aluminiumverkleidete Versionen davon.\u00a0<\/p>\n<p>Alle diese Materialien haben ihre eigenen Vorteile, so dass die Wahl von den pers\u00f6nlichen Anforderungen und Designvorlieben abh\u00e4ngt. W\u00e4hrend PVC am besten isoliert, sorgt Holz f\u00fcr Robustheit und reizvolle Holzmaserungen und reines Aluminium f\u00fcr hohe Sto\u00dffestigkeit.<\/p>\n\n<figure class=\"wp-block-image size-large\"><img loading=\"lazy\" decoding=\"async\" width=\"979\" height=\"1024\" src=\"https:\/\/fenstbau.com\/wp-content\/uploads\/2024\/11\/10-1-979x1024.jpg\" alt class=\"wp-image-282\" srcset=\"https:\/\/fenstbau.com\/wp-content\/uploads\/2024\/11\/10-1-979x1024.jpg 979w, https:\/\/fenstbau.com\/wp-content\/uploads\/2024\/11\/10-1-287x300.jpg 287w, https:\/\/fenstbau.com\/wp-content\/uploads\/2024\/11\/10-1-768x803.jpg 768w, https:\/\/fenstbau.com\/wp-content\/uploads\/2024\/11\/10-1-1469x1536.jpg 1469w, https:\/\/fenstbau.com\/wp-content\/uploads\/2024\/11\/10-1-1959x2048.jpg 1959w\" sizes=\"auto, (max-width: 979px) 100vw, 979px\" \/><\/figure>\n\n<figure class=\"wp-block-image size-full\"><img decoding=\"async\" src=\"https:\/\/fenstbau.com\/wp-content\/uploads\/2024\/11\/window-upvc-scaled.jpg\" alt class=\"wp-image-178\" width=\"150\" srcset=\"https:\/\/fenstbau.com\/wp-content\/uploads\/2024\/11\/window-upvc-scaled.jpg 2560w, https:\/\/fenstbau.com\/wp-content\/uploads\/2024\/11\/window-upvc-300x199.jpg 300w, https:\/\/fenstbau.com\/wp-content\/uploads\/2024\/11\/window-upvc-1024x678.jpg 1024w, https:\/\/fenstbau.com\/wp-content\/uploads\/2024\/11\/window-upvc-768x508.jpg 768w, https:\/\/fenstbau.com\/wp-content\/uploads\/2024\/11\/window-upvc-1536x1017.jpg 1536w, https:\/\/fenstbau.com\/wp-content\/uploads\/2024\/11\/window-upvc-2048x1356.jpg 2048w\" sizes=\"(max-width: 2560px) 100vw, 2560px\" \/><\/figure>\n\n<figure class=\"wp-block-image size-large\"><img loading=\"lazy\" decoding=\"async\" width=\"978\" height=\"1024\" src=\"https:\/\/fenstbau.com\/wp-content\/uploads\/2024\/11\/2-978x1024.jpg\" alt class=\"wp-image-274\" srcset=\"https:\/\/fenstbau.com\/wp-content\/uploads\/2024\/11\/2-978x1024.jpg 978w, https:\/\/fenstbau.com\/wp-content\/uploads\/2024\/11\/2-286x300.jpg 286w, https:\/\/fenstbau.com\/wp-content\/uploads\/2024\/11\/2-768x805.jpg 768w, https:\/\/fenstbau.com\/wp-content\/uploads\/2024\/11\/2-1466x1536.jpg 1466w, https:\/\/fenstbau.com\/wp-content\/uploads\/2024\/11\/2-1955x2048.jpg 1955w\" sizes=\"auto, (max-width: 978px) 100vw, 978px\" \/><\/figure>\n\n<h2 class=\"has-text-align-center wp-block-heading\">Lassen Sie uns Ihnen bei Ihrem Projekt helfen<\/h2>\n\n<p>Fordern Sie einen Kostenvoranschlag an, und wir werden Ihnen innerhalb von 48 Stunden antworten.<\/p>\n\n<div class=\"wp-block-buttons is-layout-flex wp-block-buttons-is-layout-flex\"><div class=\"wp-block-button\"><a class=\"wp-block-button__link\">Erhalten Sie ein Angebot innerhalb von 48 Stunden<\/a><\/div><\/div>\n\n<figure class=\"wp-block-gallery columns-3 is-cropped wp-block-gallery-1 is-layout-flex wp-block-gallery-is-layout-flex\"><ul class=\"blocks-gallery-grid\"><li class=\"blocks-gallery-item\"><figure><img loading=\"lazy\" decoding=\"async\" width=\"978\" height=\"1024\" src=\"https:\/\/fenstbau.com\/wp-content\/uploads\/2024\/11\/12-2-978x1024.jpg\" alt=\"\" data-id=\"518\" data-full-url=\"https:\/\/fenstbau.com\/wp-content\/uploads\/2024\/11\/12-2-scaled.jpg\" data-link=\"https:\/\/fenstbau.com\/12-5\/\" class=\"wp-image-518\" srcset=\"https:\/\/fenstbau.com\/wp-content\/uploads\/2024\/11\/12-2-978x1024.jpg 978w, https:\/\/fenstbau.com\/wp-content\/uploads\/2024\/11\/12-2-286x300.jpg 286w, https:\/\/fenstbau.com\/wp-content\/uploads\/2024\/11\/12-2-768x804.jpg 768w, https:\/\/fenstbau.com\/wp-content\/uploads\/2024\/11\/12-2-1466x1536.jpg 1466w, https:\/\/fenstbau.com\/wp-content\/uploads\/2024\/11\/12-2-1955x2048.jpg 1955w\" sizes=\"auto, (max-width: 978px) 100vw, 978px\" \/><\/figure><\/li><li class=\"blocks-gallery-item\"><figure><img loading=\"lazy\" decoding=\"async\" width=\"984\" height=\"1024\" src=\"https:\/\/fenstbau.com\/wp-content\/uploads\/2024\/11\/14-2-984x1024.jpg\" alt=\"\" data-id=\"520\" data-full-url=\"https:\/\/fenstbau.com\/wp-content\/uploads\/2024\/11\/14-2-scaled.jpg\" data-link=\"https:\/\/fenstbau.com\/14-5\/\" class=\"wp-image-520\" srcset=\"https:\/\/fenstbau.com\/wp-content\/uploads\/2024\/11\/14-2-984x1024.jpg 984w, https:\/\/fenstbau.com\/wp-content\/uploads\/2024\/11\/14-2-288x300.jpg 288w, https:\/\/fenstbau.com\/wp-content\/uploads\/2024\/11\/14-2-768x800.jpg 768w, https:\/\/fenstbau.com\/wp-content\/uploads\/2024\/11\/14-2-1475x1536.jpg 1475w, https:\/\/fenstbau.com\/wp-content\/uploads\/2024\/11\/14-2-1967x2048.jpg 1967w\" sizes=\"auto, (max-width: 984px) 100vw, 984px\" \/><\/figure><\/li><li class=\"blocks-gallery-item\"><figure><img loading=\"lazy\" decoding=\"async\" width=\"978\" height=\"1024\" src=\"https:\/\/fenstbau.com\/wp-content\/uploads\/2024\/11\/20-3-978x1024.jpg\" alt=\"\" data-id=\"526\" data-full-url=\"https:\/\/fenstbau.com\/wp-content\/uploads\/2024\/11\/20-3-scaled.jpg\" data-link=\"https:\/\/fenstbau.com\/20-4\/\" class=\"wp-image-526\" srcset=\"https:\/\/fenstbau.com\/wp-content\/uploads\/2024\/11\/20-3-978x1024.jpg 978w, https:\/\/fenstbau.com\/wp-content\/uploads\/2024\/11\/20-3-286x300.jpg 286w, https:\/\/fenstbau.com\/wp-content\/uploads\/2024\/11\/20-3-768x804.jpg 768w, https:\/\/fenstbau.com\/wp-content\/uploads\/2024\/11\/20-3-1466x1536.jpg 1466w, https:\/\/fenstbau.com\/wp-content\/uploads\/2024\/11\/20-3-1955x2048.jpg 1955w\" sizes=\"auto, (max-width: 978px) 100vw, 978px\" \/><\/figure><\/li><\/ul><\/figure>\n\n<h3 class=\"has-text-align-center wp-block-heading\"><\/h3>\n\n<h1 class=\"wp-block-heading\">PVC-Fenster-Systeme<\/h1>\n\nErschwinglich, energieeffizient und ma\u00dfgefertigt. Sie k\u00f6nnen aus sieben verschiedenen PVC-Profilen f\u00fcr Ihr ma\u00dfgefertigtes Fenster w\u00e4hlen und es dann genau nach Ihren Bed\u00fcrfnissen in Bezug auf Stil und Funktion konfigurieren.<br><br>Dazu geh\u00f6ren Spezialverglasungen zur Isolierung, Schalld\u00e4mmung oder Sicherheit sowie individuelle Farben und Beschl\u00e4ge.&nbsp;\n\n<figure class=\"wp-block-image size-large\"><img loading=\"lazy\" decoding=\"async\" width=\"967\" height=\"1024\" src=\"https:\/\/fenstbau.com\/wp-content\/uploads\/2024\/11\/19-3-967x1024.png\" alt class=\"wp-image-525\" srcset=\"https:\/\/fenstbau.com\/wp-content\/uploads\/2024\/11\/19-3-967x1024.png 967w, https:\/\/fenstbau.com\/wp-content\/uploads\/2024\/11\/19-3-283x300.png 283w, https:\/\/fenstbau.com\/wp-content\/uploads\/2024\/11\/19-3-768x814.png 768w, https:\/\/fenstbau.com\/wp-content\/uploads\/2024\/11\/19-3-1450x1536.png 1450w, https:\/\/fenstbau.com\/wp-content\/uploads\/2024\/11\/19-3.png 1684w\" sizes=\"auto, (max-width: 967px) 100vw, 967px\" \/><\/figure>\n\n<h1 class=\"wp-block-heading\">Fenster-Systeme aus Holz<\/h1>\n\nAls eines der \u00e4ltesten Baumaterialien bietet Holz eine unvergleichliche Sch\u00f6nheit und ist ein erneuerbarer Rohstoff. PVC und Aluminium haben viele Vorteile, aber im Grunde sehen beide gleich aus. Die gro\u00dfe Auswahl an Holzarten, Beizen und Oberfl\u00e4chenbehandlungen bietet unvergleichliche Eleganz, W\u00e4rme und Raum f\u00fcr individuelle Gestaltung. Au\u00dferdem bietet es eine gute Isolierung und Energieeinsparungen.\n\n<figure class=\"wp-block-image size-full\"><img loading=\"lazy\" decoding=\"async\" width=\"720\" height=\"1000\" src=\"https:\/\/fenstbau.com\/wp-content\/uploads\/2024\/11\/timber-window-profile-1.png\" alt class=\"wp-image-805\" srcset=\"https:\/\/fenstbau.com\/wp-content\/uploads\/2024\/11\/timber-window-profile-1.png 720w, https:\/\/fenstbau.com\/wp-content\/uploads\/2024\/11\/timber-window-profile-1-216x300.png 216w\" sizes=\"auto, (max-width: 720px) 100vw, 720px\" \/><\/figure>\n\n<h1 class=\"wp-block-heading\">Aluminium-Fenstersysteme<\/h1>\n\nZeitloses Design trifft auf hohe Stabilit\u00e4t und Sicherheit: Aluminiumfenster zeichnen sich durch schlanke Profile und schmale Ansichtsbreiten aus, die geringes Gewicht mit enormer Langlebigkeit und Formstabilit\u00e4t verbinden.\nDiese Eigenschaften erm\u00f6glichen die Herstellung von au\u00dfergew\u00f6hnlich gro\u00dfen Fenstern mit riesigen Glasfl\u00e4chen und damit maximalem Lichteinfall.\n\n<figure class=\"wp-block-image size-large\"><img loading=\"lazy\" decoding=\"async\" width=\"851\" height=\"1024\" src=\"https:\/\/fenstbau.com\/wp-content\/uploads\/2024\/11\/3-2-851x1024.png\" alt class=\"wp-image-506\" srcset=\"https:\/\/fenstbau.com\/wp-content\/uploads\/2024\/11\/3-2-851x1024.png 851w, https:\/\/fenstbau.com\/wp-content\/uploads\/2024\/11\/3-2-249x300.png 249w, https:\/\/fenstbau.com\/wp-content\/uploads\/2024\/11\/3-2-768x924.png 768w, https:\/\/fenstbau.com\/wp-content\/uploads\/2024\/11\/3-2-1277x1536.png 1277w, https:\/\/fenstbau.com\/wp-content\/uploads\/2024\/11\/3-2.png 1430w\" sizes=\"auto, (max-width: 851px) 100vw, 851px\" \/><\/figure>\n\n<h1 class=\"wp-block-heading\">Aluclad-UPVC-Fenster-Systeme<\/h1>\n\nEffizienz und St\u00e4rke in einem schlanken Rahmen: Die solide Aluminium-Au\u00dfenh\u00fclle bietet langfristige Haltbarkeit, zus\u00e4tzlichen Schutz vor Einbr\u00fcchen, minimalen Wartungsaufwand und ein modernes Aussehen. <br>Der Mehrkammerrahmen aus PVC sorgt f\u00fcr h\u00f6chste Energieeffizienz, ohne dabei das Budget zu sprengen.\u00a0<br>\n\n<figure class=\"wp-block-image size-large\"><img loading=\"lazy\" decoding=\"async\" width=\"1024\" height=\"1024\" src=\"https:\/\/fenstbau.com\/wp-content\/uploads\/2024\/11\/17-1024x1024.png\" alt class=\"wp-image-250\" srcset=\"https:\/\/fenstbau.com\/wp-content\/uploads\/2024\/11\/17-1024x1024.png 1024w, https:\/\/fenstbau.com\/wp-content\/uploads\/2024\/11\/17-300x300.png 300w, https:\/\/fenstbau.com\/wp-content\/uploads\/2024\/11\/17-150x150.png 150w, https:\/\/fenstbau.com\/wp-content\/uploads\/2024\/11\/17-768x768.png 768w, https:\/\/fenstbau.com\/wp-content\/uploads\/2024\/11\/17.png 1322w\" sizes=\"auto, (max-width: 1024px) 100vw, 1024px\" \/><\/figure>","protected":false},"excerpt":{"rendered":"<p>Sie m\u00f6chten aufr\u00fcsten? Wir k\u00f6nnen Ihnen eine Vielzahl von Optionen f\u00fcr Ihre Anforderungen und Ihr Budget anbieten.  Unsere Produkte k\u00f6nnen aus PVC, Aluminium oder Holz hergestellt werden. Sprechen Sie mit uns und teilen Sie uns Ihre Bed\u00fcrfnisse mit.  Wir werden Ihnen bei Ihrem Projekt helfen. Ma\u00dfgefertigte Fenster: in allen Formen, Gr\u00f6\u00dfen und Materialien - entworfen, gebaut [...]<\/p>","protected":false},"author":1,"featured_media":0,"parent":0,"menu_order":0,"comment_status":"closed","ping_status":"closed","template":"","meta":{"footnotes":""},"class_list":["post-161","page","type-page","status-publish","hentry"],"_links":{"self":[{"href":"https:\/\/fenstbau.com\/de\/wp-json\/wp\/v2\/pages\/161","targetHints":{"allow":["GET"]}}],"collection":[{"href":"https:\/\/fenstbau.com\/de\/wp-json\/wp\/v2\/pages"}],"about":[{"href":"https:\/\/fenstbau.com\/de\/wp-json\/wp\/v2\/types\/page"}],"author":[{"embeddable":true,"href":"https:\/\/fenstbau.com\/de\/wp-json\/wp\/v2\/users\/1"}],"replies":[{"embeddable":true,"href":"https:\/\/fenstbau.com\/de\/wp-json\/wp\/v2\/comments?post=161"}],"version-history":[{"count":100,"href":"https:\/\/fenstbau.com\/de\/wp-json\/wp\/v2\/pages\/161\/revisions"}],"predecessor-version":[{"id":875,"href":"https:\/\/fenstbau.com\/de\/wp-json\/wp\/v2\/pages\/161\/revisions\/875"}],"wp:attachment":[{"href":"https:\/\/fenstbau.com\/de\/wp-json\/wp\/v2\/media?parent=161"}],"curies":[{"name":"wp","href":"https:\/\/api.w.org\/{rel}","templated":true}]}}