{"id":163,"date":"2024-11-03T11:48:17","date_gmt":"2024-11-03T10:48:17","guid":{"rendered":"https:\/\/fenstbau.com\/?page_id=163"},"modified":"2024-11-25T19:24:02","modified_gmt":"2024-11-25T18:24:02","slug":"doors","status":"publish","type":"page","link":"https:\/\/fenstbau.com\/de\/turen\/","title":{"rendered":"T\u00fcren"},"content":{"rendered":"<h1 class=\"wp-block-heading\">M\u00f6chten Sie aufr\u00fcsten?<\/h1>\n\n<p>Wir k\u00f6nnen eine Vielzahl von Optionen f\u00fcr Ihre Anforderungen und Ihr Budget anbieten.  Unsere Produkte k\u00f6nnen aus PVC, Aluminium oder Holz hergestellt werden.<\/p>\n\n<h3 class=\"wp-block-heading\">Lassen Sie uns reden<\/h3>\n\n<p>Nehmen Sie Kontakt mit uns auf und teilen Sie uns Ihren Bedarf mit.  Wir werden Ihnen bei Ihrem Projekt helfen.<\/p>\n\n<div class=\"wp-block-buttons is-layout-flex wp-block-buttons-is-layout-flex\"><div class=\"wp-block-button\"><a class=\"wp-block-button__link\">Kontakt<\/a><\/div><\/div>\n\n<h1 class=\"wp-block-heading\">Au\u00dfen- und Innent\u00fcren - Falt-, Schiebe- und Fenstert\u00fcren - entworfen, gebaut und installiert<\/h1>\n\n<p>Schaffen Sie einen helleren und sichereren Lebensraum in Ihrem Zuhause!\u00a0\u00a0<\/p>\n<p>Unsere T\u00fcren verwandeln Ihren Raum, bringen mehr nat\u00fcrliches Licht herein, schaffen gro\u00dfartige Aussichten und erm\u00f6glichen es Ihnen, Ihren Garten oder Hof von innen zu genie\u00dfen, indem sie den Au\u00dfenbereich nahtlos mit dem Innenbereich verbinden.\u00a0<\/p>\n<p>\u00a0<\/p>\n\n<figure class=\"wp-block-image size-large\"><img loading=\"lazy\" decoding=\"async\" width=\"978\" height=\"1024\" src=\"https:\/\/fenstbau.com\/wp-content\/uploads\/2024\/11\/8-1-978x1024.jpg\" alt class=\"wp-image-280\" srcset=\"https:\/\/fenstbau.com\/wp-content\/uploads\/2024\/11\/8-1-978x1024.jpg 978w, https:\/\/fenstbau.com\/wp-content\/uploads\/2024\/11\/8-1-286x300.jpg 286w, https:\/\/fenstbau.com\/wp-content\/uploads\/2024\/11\/8-1-768x804.jpg 768w, https:\/\/fenstbau.com\/wp-content\/uploads\/2024\/11\/8-1-1466x1536.jpg 1466w, https:\/\/fenstbau.com\/wp-content\/uploads\/2024\/11\/8-1-1955x2048.jpg 1955w\" sizes=\"auto, (max-width: 978px) 100vw, 978px\" \/><\/figure>\n\n<figure class=\"wp-block-image size-large\"><img loading=\"lazy\" decoding=\"async\" width=\"731\" height=\"1024\" src=\"https:\/\/fenstbau.com\/wp-content\/uploads\/2024\/11\/upvc-front-door-731x1024.jpg\" alt class=\"wp-image-126\" srcset=\"https:\/\/fenstbau.com\/wp-content\/uploads\/2024\/11\/upvc-front-door-731x1024.jpg 731w, https:\/\/fenstbau.com\/wp-content\/uploads\/2024\/11\/upvc-front-door-214x300.jpg 214w, https:\/\/fenstbau.com\/wp-content\/uploads\/2024\/11\/upvc-front-door-768x1075.jpg 768w, https:\/\/fenstbau.com\/wp-content\/uploads\/2024\/11\/upvc-front-door-1097x1536.jpg 1097w\" sizes=\"auto, (max-width: 731px) 100vw, 731px\" \/><\/figure>\n\n<figure class=\"wp-block-image size-large\"><img loading=\"lazy\" decoding=\"async\" width=\"977\" height=\"1024\" src=\"https:\/\/fenstbau.com\/wp-content\/uploads\/2024\/11\/6-2-977x1024.jpg\" alt class=\"wp-image-341\" srcset=\"https:\/\/fenstbau.com\/wp-content\/uploads\/2024\/11\/6-2-977x1024.jpg 977w, https:\/\/fenstbau.com\/wp-content\/uploads\/2024\/11\/6-2-286x300.jpg 286w, https:\/\/fenstbau.com\/wp-content\/uploads\/2024\/11\/6-2-768x805.jpg 768w, https:\/\/fenstbau.com\/wp-content\/uploads\/2024\/11\/6-2-1466x1536.jpg 1466w, https:\/\/fenstbau.com\/wp-content\/uploads\/2024\/11\/6-2-1955x2048.jpg 1955w\" sizes=\"auto, (max-width: 977px) 100vw, 977px\" \/><\/figure>\n\n<h2 class=\"wp-block-heading\">Rahmenmaterialien: Holz, PVC und Aluminium<\/h2>\n\n<p>Ganz gleich, ob Sie klassische Holzt\u00fcren, Upvc-T\u00fcren oder sogar hochwertige aluminiumverkleidete Holz- oder Upvc-T\u00fcren suchen, wir k\u00f6nnen eine ma\u00dfgeschneiderte L\u00f6sung f\u00fcr Sie entwickeln.<\/p>\n<p>Wir bieten verschiedene Arten von T\u00fcren an, die sich nach ihrer Funktion richten und durch Material, Farbe, Verglasung, Gr\u00f6\u00dfe und Form weiter individualisiert werden k\u00f6nnen.&nbsp;<\/p>\n<p>Unsere pr\u00e4zisionsgefertigten T\u00fcren k\u00f6nnen weitaus gr\u00f6\u00dfer als bisher gestaltet werden und erm\u00f6glichen so riesige Panoramablicke.&nbsp;<\/p><p>Fenstbau bietet eine au\u00dfergew\u00f6hnliche Designflexibilit\u00e4t, damit Ihr Projekt gl\u00e4nzen kann.<\/p>\n\n<figure class=\"wp-block-image size-large\"><img loading=\"lazy\" decoding=\"async\" width=\"977\" height=\"1024\" src=\"https:\/\/fenstbau.com\/wp-content\/uploads\/2024\/11\/large-office-entry-door-977x1024.jpg\" alt class=\"wp-image-839\" srcset=\"https:\/\/fenstbau.com\/wp-content\/uploads\/2024\/11\/large-office-entry-door-977x1024.jpg 977w, https:\/\/fenstbau.com\/wp-content\/uploads\/2024\/11\/large-office-entry-door-286x300.jpg 286w, https:\/\/fenstbau.com\/wp-content\/uploads\/2024\/11\/large-office-entry-door-768x805.jpg 768w, https:\/\/fenstbau.com\/wp-content\/uploads\/2024\/11\/large-office-entry-door-1466x1536.jpg 1466w, https:\/\/fenstbau.com\/wp-content\/uploads\/2024\/11\/large-office-entry-door-1955x2048.jpg 1955w\" sizes=\"auto, (max-width: 977px) 100vw, 977px\" \/><\/figure>\n\n<figure class=\"wp-block-image size-large\"><img decoding=\"async\" src=\"https:\/\/fenstbau.com\/wp-content\/uploads\/2024\/11\/8-1-978x1024.jpg\" alt class=\"wp-image-280\" width=\"150\" srcset=\"https:\/\/fenstbau.com\/wp-content\/uploads\/2024\/11\/8-1-978x1024.jpg 978w, https:\/\/fenstbau.com\/wp-content\/uploads\/2024\/11\/8-1-286x300.jpg 286w, https:\/\/fenstbau.com\/wp-content\/uploads\/2024\/11\/8-1-768x804.jpg 768w, https:\/\/fenstbau.com\/wp-content\/uploads\/2024\/11\/8-1-1466x1536.jpg 1466w, https:\/\/fenstbau.com\/wp-content\/uploads\/2024\/11\/8-1-1955x2048.jpg 1955w\" sizes=\"(max-width: 978px) 100vw, 978px\" \/><\/figure>\n\n<figure class=\"wp-block-image size-large\"><img loading=\"lazy\" decoding=\"async\" width=\"768\" height=\"1024\" src=\"https:\/\/fenstbau.com\/wp-content\/uploads\/2024\/11\/timber-entrance-french-doors-768x1024.jpg\" alt class=\"wp-image-878\" srcset=\"https:\/\/fenstbau.com\/wp-content\/uploads\/2024\/11\/timber-entrance-french-doors-768x1024.jpg 768w, https:\/\/fenstbau.com\/wp-content\/uploads\/2024\/11\/timber-entrance-french-doors-225x300.jpg 225w, https:\/\/fenstbau.com\/wp-content\/uploads\/2024\/11\/timber-entrance-french-doors-1152x1536.jpg 1152w, https:\/\/fenstbau.com\/wp-content\/uploads\/2024\/11\/timber-entrance-french-doors-1536x2048.jpg 1536w, https:\/\/fenstbau.com\/wp-content\/uploads\/2024\/11\/timber-entrance-french-doors-scaled.jpg 1920w\" sizes=\"auto, (max-width: 768px) 100vw, 768px\" \/><\/figure>\n\n<h2 class=\"wp-block-heading\">Lassen Sie uns Ihnen bei Ihrem Projekt helfen<\/h2>\n\n<p>Fordern Sie einen Kostenvoranschlag an und wir werden Ihnen innerhalb von 48 Stunden antworten.<\/p>\n\n<div class=\"wp-block-buttons is-layout-flex wp-block-buttons-is-layout-flex\"><div class=\"wp-block-button\"><a class=\"wp-block-button__link\">Erhalten Sie ein Angebot innerhalb von 48 Stunden<\/a><\/div><\/div>\n\n<figure class=\"wp-block-image size-large\"><img loading=\"lazy\" decoding=\"async\" width=\"768\" height=\"1024\" src=\"https:\/\/fenstbau.com\/wp-content\/uploads\/2024\/11\/secure-front-door-768x1024.jpg\" alt class=\"wp-image-868\" srcset=\"https:\/\/fenstbau.com\/wp-content\/uploads\/2024\/11\/secure-front-door-768x1024.jpg 768w, https:\/\/fenstbau.com\/wp-content\/uploads\/2024\/11\/secure-front-door-225x300.jpg 225w, https:\/\/fenstbau.com\/wp-content\/uploads\/2024\/11\/secure-front-door-1152x1536.jpg 1152w, https:\/\/fenstbau.com\/wp-content\/uploads\/2024\/11\/secure-front-door-1536x2048.jpg 1536w, https:\/\/fenstbau.com\/wp-content\/uploads\/2024\/11\/secure-front-door-scaled.jpg 1920w\" sizes=\"auto, (max-width: 768px) 100vw, 768px\" \/><\/figure>\n\n<h3 class=\"wp-block-heading\">Eleganz und Stil<\/h3>\n\nAluminium-Haust\u00fcren sind eine \u00e4sthetische Erg\u00e4nzung f\u00fcr jedes moderne Haus und bieten mit ihrem modernen Design, ihrer Pr\u00e4zision und ihrer Langlebigkeit ausgezeichnete Stabilit\u00e4t und Sicherheit.&nbsp;<br><br>PVC bietet eine hervorragende Energieeffizienz, individuelle Gestaltungsm\u00f6glichkeiten und ein gutes Preis-Leistungs-Verh\u00e4ltnis bei Anschaffung und Wartung.<br><br>Haust\u00fcren aus Holz stehen f\u00fcr Eleganz, Langlebigkeit und Zeitlosigkeit. Sie bieten die Isolierung, St\u00e4rke und Sch\u00f6nheit, die nur ein nat\u00fcrliches Material wie Holz haben kann.&nbsp;\n\n<figure class=\"wp-block-image size-large\"><img loading=\"lazy\" decoding=\"async\" width=\"981\" height=\"1024\" src=\"https:\/\/fenstbau.com\/wp-content\/uploads\/2024\/11\/8-3-981x1024.jpg\" alt class=\"wp-image-514\" srcset=\"https:\/\/fenstbau.com\/wp-content\/uploads\/2024\/11\/8-3-981x1024.jpg 981w, https:\/\/fenstbau.com\/wp-content\/uploads\/2024\/11\/8-3-288x300.jpg 288w, https:\/\/fenstbau.com\/wp-content\/uploads\/2024\/11\/8-3-768x801.jpg 768w, https:\/\/fenstbau.com\/wp-content\/uploads\/2024\/11\/8-3-1472x1536.jpg 1472w, https:\/\/fenstbau.com\/wp-content\/uploads\/2024\/11\/8-3-1963x2048.jpg 1963w\" sizes=\"auto, (max-width: 981px) 100vw, 981px\" \/><\/figure>\n\n<h3 class=\"wp-block-heading\">Bringen Sie die Natur ins Haus<\/h3>\n\nFenstert\u00fcren gibt es in ein- und zweifl\u00fcgeliger Ausf\u00fchrung, die wie ein Fl\u00fcgelfenster an Scharnieren nach innen oder nach au\u00dfen schwingen. <br><br>Jede T\u00fcr verf\u00fcgt \u00fcber eine gro\u00dfe Glasfl\u00e4che, die viel nat\u00fcrliches Licht und eine gro\u00dfartige Aussicht bietet und gleichzeitig einen einfachen Zugang nach drau\u00dfen erm\u00f6glicht. <br><br>Wenn beide T\u00fcren ge\u00f6ffnet sind, bieten sie einen gr\u00f6\u00dferen, ununterbrochenen \u00d6ffnungsbereich, der sich ideal f\u00fcr Balkone, Schlafzimmer und Bereiche mit hohem Verkehrsaufkommen wie Terrassen oder G\u00e4rten eignet.\n\n<figure class=\"wp-block-image size-large\"><img loading=\"lazy\" decoding=\"async\" width=\"978\" height=\"1024\" src=\"https:\/\/fenstbau.com\/wp-content\/uploads\/2024\/11\/22-1-978x1024.jpg\" alt class=\"wp-image-528\" srcset=\"https:\/\/fenstbau.com\/wp-content\/uploads\/2024\/11\/22-1-978x1024.jpg 978w, https:\/\/fenstbau.com\/wp-content\/uploads\/2024\/11\/22-1-286x300.jpg 286w, https:\/\/fenstbau.com\/wp-content\/uploads\/2024\/11\/22-1-768x804.jpg 768w, https:\/\/fenstbau.com\/wp-content\/uploads\/2024\/11\/22-1-1466x1536.jpg 1466w, https:\/\/fenstbau.com\/wp-content\/uploads\/2024\/11\/22-1-1955x2048.jpg 1955w\" sizes=\"auto, (max-width: 978px) 100vw, 978px\" \/><\/figure>\n\n<h3 class=\"wp-block-heading\">Verwandeln Sie Ihren Lebensraum<\/h3>\n\nIm Gegensatz zu den altmodischen Schiebet\u00fcren, die sich entlang einer unteren Schiene horizontal bewegen, verf\u00fcgen Hebeschiebet\u00fcren \u00fcber einen anderen \u00d6ffnungsmechanismus, der die Benutzerfreundlichkeit, Sicherheit und Energieeffizienz verbessert.<br><br>Durch Drehen des Griffs wird der gesamte Schiebefl\u00fcgel m\u00fchelos vom Boden angehoben und zur Seite geschoben. Da der Fl\u00fcgel zum Schieben physisch vom Boden angehoben wird, wird er auch wieder nach unten abgesenkt, wenn er geschlossen ist (ob teilweise oder vollst\u00e4ndig). Das bedeutet, dass das gesamte Gewicht des Fl\u00fcgels nach unten dr\u00fcckt, wodurch eine luftdichte Abdichtung entsteht und Zugluft und Energieverluste vermieden werden.\n\n<figure class=\"wp-block-image size-large\"><img loading=\"lazy\" decoding=\"async\" width=\"978\" height=\"1024\" src=\"https:\/\/fenstbau.com\/wp-content\/uploads\/2024\/11\/16-4-978x1024.jpg\" alt class=\"wp-image-632\" srcset=\"https:\/\/fenstbau.com\/wp-content\/uploads\/2024\/11\/16-4-978x1024.jpg 978w, https:\/\/fenstbau.com\/wp-content\/uploads\/2024\/11\/16-4-287x300.jpg 287w, https:\/\/fenstbau.com\/wp-content\/uploads\/2024\/11\/16-4-768x804.jpg 768w, https:\/\/fenstbau.com\/wp-content\/uploads\/2024\/11\/16-4-1467x1536.jpg 1467w, https:\/\/fenstbau.com\/wp-content\/uploads\/2024\/11\/16-4-1956x2048.jpg 1956w\" sizes=\"auto, (max-width: 978px) 100vw, 978px\" \/><\/figure>\n\n<h3 class=\"wp-block-heading\">Eine T\u00fcr, zwei \u00d6ffnungsm\u00f6glichkeiten&nbsp;<\/h3>\n\nDiese T\u00fcren, die nach Ma\u00df gefertigt werden, um die f\u00fcr Ihr Projekt erforderlichen Ma\u00dfe zu erreichen, sind das Aush\u00e4ngeschild eines jeden Hauses. <br><br>Mit einem einfachen, ergonomischen Handgriff k\u00f6nnen Sie w\u00e4hlen, ob Sie die T\u00fcr waagerecht schieben oder zur Bel\u00fcftung nach innen kippen wollen. <br><br>Unsere Kipp- und Schiebet\u00fcren sind eine erstklassige L\u00f6sung f\u00fcr diejenigen, die platzsparende T\u00fcren mit moderner Funktionalit\u00e4t w\u00fcnschen.\n\n<figure class=\"wp-block-image size-large\"><img loading=\"lazy\" decoding=\"async\" width=\"978\" height=\"1024\" src=\"https:\/\/fenstbau.com\/wp-content\/uploads\/2024\/11\/12-2-978x1024.jpg\" alt class=\"wp-image-518\" srcset=\"https:\/\/fenstbau.com\/wp-content\/uploads\/2024\/11\/12-2-978x1024.jpg 978w, https:\/\/fenstbau.com\/wp-content\/uploads\/2024\/11\/12-2-286x300.jpg 286w, https:\/\/fenstbau.com\/wp-content\/uploads\/2024\/11\/12-2-768x804.jpg 768w, https:\/\/fenstbau.com\/wp-content\/uploads\/2024\/11\/12-2-1466x1536.jpg 1466w, https:\/\/fenstbau.com\/wp-content\/uploads\/2024\/11\/12-2-1955x2048.jpg 1955w\" sizes=\"auto, (max-width: 978px) 100vw, 978px\" \/><\/figure>\n\n<h2 class=\"wp-block-heading\">Welche T\u00fcr ist die richtige f\u00fcr Ihr Projekt?<\/h2>\n\n<p>Die Art der T\u00fcr, die Sie f\u00fcr Ihr Projekt ben\u00f6tigen, h\u00e4ngt von der Einbausituation ab: ob es sich um eine Haust\u00fcr, eine Terrassent\u00fcr oder eine Innent\u00fcr handelt.\u00a0\u00a0<\/p>\n<p>Neben Faktoren wie Sicherheit und Stil Ihrer T\u00fcren ist ein wichtiger Faktor bei Ihrer Entscheidung der Gesamteinbauraum f\u00fcr die T\u00fcr sowie der Raum, den die T\u00fcr zum Ein- und Ausschwenken, Falten oder Schieben bietet.\u00a0<\/p>\n<p>\u00a0<\/p>\n\n<div class=\"wp-block-buttons is-layout-flex wp-block-buttons-is-layout-flex\"><div class=\"wp-block-button\"><a class=\"wp-block-button__link\">Teilen Sie Ihr Projekt mit uns<\/a><\/div><\/div>\n\n<figure class=\"wp-block-image size-large\"><img loading=\"lazy\" decoding=\"async\" width=\"978\" height=\"1024\" src=\"https:\/\/fenstbau.com\/wp-content\/uploads\/2024\/11\/12-2-978x1024.jpg\" alt class=\"wp-image-518\" srcset=\"https:\/\/fenstbau.com\/wp-content\/uploads\/2024\/11\/12-2-978x1024.jpg 978w, https:\/\/fenstbau.com\/wp-content\/uploads\/2024\/11\/12-2-286x300.jpg 286w, https:\/\/fenstbau.com\/wp-content\/uploads\/2024\/11\/12-2-768x804.jpg 768w, https:\/\/fenstbau.com\/wp-content\/uploads\/2024\/11\/12-2-1466x1536.jpg 1466w, https:\/\/fenstbau.com\/wp-content\/uploads\/2024\/11\/12-2-1955x2048.jpg 1955w\" sizes=\"auto, (max-width: 978px) 100vw, 978px\" \/><\/figure>\n\n<h3 class=\"wp-block-heading\">Stil, Vielseitigkeit und Qualit\u00e4t<\/h3>\n\nMit ihrem ziehharmonika\u00e4hnlichen \u00d6ffnungs- und Schlie\u00dfsystem wurden Faltt\u00fcren in der Vergangenheit nur im Innenbereich eingesetzt. <br><br>Dank der modernen Technologie und Fertigungstechniken von heute k\u00f6nnen ihre Sicherheit und die Dichtungen zwischen den einzelnen Paneelen mit jedem anderen Stil mithalten. <br><br>Doppelfaltt\u00fcren k\u00f6nnen vollst\u00e4ndig ge\u00f6ffnet werden, wobei alle T\u00fcren zur Seite geschoben werden. Das bedeutet, dass Sie im Gegensatz zu Schiebet\u00fcren 100% des gesamten T\u00fcrraums nutzen k\u00f6nnen. <br><br>Da Falttore jedoch aus einer Reihe von einzelnen Sektionen bestehen, k\u00f6nnen sie auch teilweise, Paneel f\u00fcr Paneel, ge\u00f6ffnet werden.\n\n<h1 class=\"wp-block-heading\">Moderne Haust\u00fcren<\/h1>\n\n<span style=\"color: var(--bricks-color-fcc08b); font-size: 2rem;\">Unsere Eingangst\u00fcren sind von au\u00dfergew\u00f6hnlicher Sch\u00f6nheit und machen einen auff\u00e4lligen ersten Eindruck.<br><br>Bew\u00e4hrte Handwerkskunst, beste Beschl\u00e4ge und eine gro\u00dfe Auswahl an Optionen sorgen daf\u00fcr, dass wir eine ma\u00dfgeschneiderte L\u00f6sung entwerfen k\u00f6nnen, die sich nahtlos in Ihre Fassade einf\u00fcgt.&nbsp;<br><br><\/span><span style=\"color: var(--bricks-color-fcc08b); font-size: 2rem;\">Unsere Premium-T\u00fcren sind aus Holz, Aluminium, aluminiumbeschichtetem Holz und PVC erh\u00e4ltlich und erf\u00fcllen die strengsten Anforderungen an Design und thermische Leistung.&nbsp; &nbsp;<\/span>\n\n<figure class=\"wp-block-image size-full\"><img loading=\"lazy\" decoding=\"async\" width=\"2560\" height=\"1782\" src=\"https:\/\/fenstbau.com\/wp-content\/uploads\/2024\/11\/reinforced-secure-entry-door-scaled.jpg\" alt class=\"wp-image-877\" srcset=\"https:\/\/fenstbau.com\/wp-content\/uploads\/2024\/11\/reinforced-secure-entry-door-scaled.jpg 2560w, https:\/\/fenstbau.com\/wp-content\/uploads\/2024\/11\/reinforced-secure-entry-door-300x209.jpg 300w, https:\/\/fenstbau.com\/wp-content\/uploads\/2024\/11\/reinforced-secure-entry-door-1024x713.jpg 1024w, https:\/\/fenstbau.com\/wp-content\/uploads\/2024\/11\/reinforced-secure-entry-door-768x535.jpg 768w, https:\/\/fenstbau.com\/wp-content\/uploads\/2024\/11\/reinforced-secure-entry-door-1536x1069.jpg 1536w, https:\/\/fenstbau.com\/wp-content\/uploads\/2024\/11\/reinforced-secure-entry-door-2048x1426.jpg 2048w\" sizes=\"auto, (max-width: 2560px) 100vw, 2560px\" \/><\/figure>\n\n<h1 class=\"wp-block-heading\">Ma\u00dfgeschneiderte Faltt\u00fcren<\/h1>\n\nIm Gegensatz zu Schiebet\u00fcren, die nur zur H\u00e4lfte ge\u00f6ffnet werden k\u00f6nnen, lassen sich Faltt\u00fcren vollst\u00e4ndig \u00f6ffnen und bieten einen gro\u00dfen Panoramablick auf Ihren Garten oder Hof.<br><br>Faltt\u00fcren bestehen aus zwei oder mehr miteinander verbundenen T\u00fcrelementen, die sich wie eine Ziehharmonika \u00f6ffnen und im ge\u00f6ffneten Zustand flach zu einer Seite wegfalten. <br><br>Terrassen-Faltt\u00fcren sind der beste Weg, um das meiste nat\u00fcrliche Licht und den gr\u00f6\u00dften ungest\u00f6rten Ausblick zu erhalten.\n\n<figure class=\"wp-block-image size-full\"><img loading=\"lazy\" decoding=\"async\" width=\"2445\" height=\"2560\" src=\"https:\/\/fenstbau.com\/wp-content\/uploads\/2024\/11\/2-2-scaled.jpg\" alt class=\"wp-image-505\" srcset=\"https:\/\/fenstbau.com\/wp-content\/uploads\/2024\/11\/2-2-scaled.jpg 2445w, https:\/\/fenstbau.com\/wp-content\/uploads\/2024\/11\/2-2-287x300.jpg 287w, https:\/\/fenstbau.com\/wp-content\/uploads\/2024\/11\/2-2-978x1024.jpg 978w, https:\/\/fenstbau.com\/wp-content\/uploads\/2024\/11\/2-2-768x804.jpg 768w, https:\/\/fenstbau.com\/wp-content\/uploads\/2024\/11\/2-2-1467x1536.jpg 1467w, https:\/\/fenstbau.com\/wp-content\/uploads\/2024\/11\/2-2-1956x2048.jpg 1956w\" sizes=\"auto, (max-width: 2445px) 100vw, 2445px\" \/><\/figure>\n\n<h1 class=\"wp-block-heading\">Franz\u00f6sische T\u00fcren<\/h1>\n\nFenstert\u00fcren bestehen aus einem oder zwei Klappfl\u00fcgeln, die sich wie ein Fenster \u00f6ffnen lassen, und werden in der Regel f\u00fcr Balkone und Terrassen verwendet.<br><br>Sie verbinden Ihr Inneres mit dem \u00c4u\u00dferen und schaffen einen gr\u00f6\u00dferen ununterbrochenen Raum als eine Standardt\u00fcr, was sie ideal f\u00fcr Bereiche mit mehr Verkehr macht, wie z. B. den Zugang zum Garten. <br><br>Wir bieten eine Reihe von Optionen zur individuellen Gestaltung, darunter Farben, Stile, Materialien, Glas, Beschl\u00e4ge und vieles mehr. Unabh\u00e4ngig davon, wof\u00fcr Sie sich entscheiden, wird Ihre Fenstert\u00fcr speziell f\u00fcr Ihr Projekt entworfen und gebaut.\n\n<figure class=\"wp-block-image size-full\"><img loading=\"lazy\" decoding=\"async\" width=\"2444\" height=\"2560\" src=\"https:\/\/fenstbau.com\/wp-content\/uploads\/2024\/11\/upvc-french-doors-scaled.jpg\" alt class=\"wp-image-821\" srcset=\"https:\/\/fenstbau.com\/wp-content\/uploads\/2024\/11\/upvc-french-doors-scaled.jpg 2444w, https:\/\/fenstbau.com\/wp-content\/uploads\/2024\/11\/upvc-french-doors-286x300.jpg 286w, https:\/\/fenstbau.com\/wp-content\/uploads\/2024\/11\/upvc-french-doors-978x1024.jpg 978w, https:\/\/fenstbau.com\/wp-content\/uploads\/2024\/11\/upvc-french-doors-768x804.jpg 768w, https:\/\/fenstbau.com\/wp-content\/uploads\/2024\/11\/upvc-french-doors-1466x1536.jpg 1466w, https:\/\/fenstbau.com\/wp-content\/uploads\/2024\/11\/upvc-french-doors-1955x2048.jpg 1955w\" sizes=\"auto, (max-width: 2444px) 100vw, 2444px\" \/><\/figure>\n\n<h1 class=\"wp-block-heading\">Hebe- und Schiebet\u00fcren<\/h1>\n\nUnsere atemberaubenden Hebe-Schiebet\u00fcren sind k\u00fchn, sch\u00f6n und mit den besten Beschl\u00e4gen aus deutscher Produktion ausgestattet. <br><br>Mit ihrem erstklassigen Design und ihrer ausgezeichneten Energieleistung verleihen sie jedem Haus Stil, Flexibilit\u00e4t und Sicherheit und betonen gleichzeitig die Verbindung Ihres Hauses mit der Au\u00dfenwelt.<br><br>Wir bieten Optionen f\u00fcr Rahmenmaterialien, individuelle Gr\u00f6\u00dfen, Farben und Verglasungen, um Ihre architektonischen und leistungsbezogenen Anforderungen zu erf\u00fcllen.\n\n<figure class=\"wp-block-image size-full\"><img loading=\"lazy\" decoding=\"async\" width=\"2445\" height=\"2560\" src=\"https:\/\/fenstbau.com\/wp-content\/uploads\/2024\/11\/patio-glass-doors-scaled.jpg\" alt class=\"wp-image-833\" srcset=\"https:\/\/fenstbau.com\/wp-content\/uploads\/2024\/11\/patio-glass-doors-scaled.jpg 2445w, https:\/\/fenstbau.com\/wp-content\/uploads\/2024\/11\/patio-glass-doors-287x300.jpg 287w, https:\/\/fenstbau.com\/wp-content\/uploads\/2024\/11\/patio-glass-doors-978x1024.jpg 978w, https:\/\/fenstbau.com\/wp-content\/uploads\/2024\/11\/patio-glass-doors-768x804.jpg 768w, https:\/\/fenstbau.com\/wp-content\/uploads\/2024\/11\/patio-glass-doors-1467x1536.jpg 1467w, https:\/\/fenstbau.com\/wp-content\/uploads\/2024\/11\/patio-glass-doors-1956x2048.jpg 1956w\" sizes=\"auto, (max-width: 2445px) 100vw, 2445px\" \/><\/figure>\n\n<h1 class=\"wp-block-heading\">Kipp- und Schiebet\u00fcren<\/h1>\n\nAuf den ersten Blick \u00e4hneln die Kipp-Schiebe-T\u00fcren den normalen Terrassent\u00fcren. Sie bieten jedoch die Funktionalit\u00e4t von Drehkippfenstern f\u00fcr Terrassent\u00fcren. <br><br>Hochwertige Konstruktion, thermische Unversehrtheit und Benutzerfreundlichkeit sind die Standardmerkmale unserer Kipp- und Schiebet\u00fcren.\n\n<figure class=\"wp-block-image size-full\"><img loading=\"lazy\" decoding=\"async\" width=\"2444\" height=\"2560\" src=\"https:\/\/fenstbau.com\/wp-content\/uploads\/2024\/11\/20-1-scaled.jpg\" alt class=\"wp-image-292\" srcset=\"https:\/\/fenstbau.com\/wp-content\/uploads\/2024\/11\/20-1-scaled.jpg 2444w, https:\/\/fenstbau.com\/wp-content\/uploads\/2024\/11\/20-1-286x300.jpg 286w, https:\/\/fenstbau.com\/wp-content\/uploads\/2024\/11\/20-1-978x1024.jpg 978w, https:\/\/fenstbau.com\/wp-content\/uploads\/2024\/11\/20-1-768x805.jpg 768w, https:\/\/fenstbau.com\/wp-content\/uploads\/2024\/11\/20-1-1466x1536.jpg 1466w, https:\/\/fenstbau.com\/wp-content\/uploads\/2024\/11\/20-1-1955x2048.jpg 1955w\" sizes=\"auto, (max-width: 2444px) 100vw, 2444px\" \/><\/figure>","protected":false},"excerpt":{"rendered":"<p>Sie m\u00f6chten aufr\u00fcsten? Wir k\u00f6nnen Ihnen eine Vielzahl von Optionen f\u00fcr Ihre Anforderungen und Ihr Budget anbieten.  Unsere Produkte k\u00f6nnen aus PVC, Aluminium oder Holz hergestellt werden. Sprechen Sie mit uns und teilen Sie uns Ihre Bed\u00fcrfnisse mit.  Wir werden Ihnen bei Ihrem Projekt helfen. Au\u00dfen- und Innent\u00fcren - Falt-, Schiebe- und Fenstert\u00fcren - entworfen, gebaut und [...]<\/p>","protected":false},"author":1,"featured_media":0,"parent":0,"menu_order":0,"comment_status":"closed","ping_status":"closed","template":"","meta":{"footnotes":""},"class_list":["post-163","page","type-page","status-publish","hentry"],"_links":{"self":[{"href":"https:\/\/fenstbau.com\/de\/wp-json\/wp\/v2\/pages\/163","targetHints":{"allow":["GET"]}}],"collection":[{"href":"https:\/\/fenstbau.com\/de\/wp-json\/wp\/v2\/pages"}],"about":[{"href":"https:\/\/fenstbau.com\/de\/wp-json\/wp\/v2\/types\/page"}],"author":[{"embeddable":true,"href":"https:\/\/fenstbau.com\/de\/wp-json\/wp\/v2\/users\/1"}],"replies":[{"embeddable":true,"href":"https:\/\/fenstbau.com\/de\/wp-json\/wp\/v2\/comments?post=163"}],"version-history":[{"count":99,"href":"https:\/\/fenstbau.com\/de\/wp-json\/wp\/v2\/pages\/163\/revisions"}],"predecessor-version":[{"id":887,"href":"https:\/\/fenstbau.com\/de\/wp-json\/wp\/v2\/pages\/163\/revisions\/887"}],"wp:attachment":[{"href":"https:\/\/fenstbau.com\/de\/wp-json\/wp\/v2\/media?parent=163"}],"curies":[{"name":"wp","href":"https:\/\/api.w.org\/{rel}","templated":true}]}}