{"id":165,"date":"2024-11-02T13:34:54","date_gmt":"2024-11-02T12:34:54","guid":{"rendered":"https:\/\/fenstbau.com\/?page_id=165"},"modified":"2024-11-25T20:04:56","modified_gmt":"2024-11-25T19:04:56","slug":"shutters","status":"publish","type":"page","link":"https:\/\/fenstbau.com\/de\/fensterladen\/","title":{"rendered":"Fensterl\u00e4den"},"content":{"rendered":"<h1 class=\"wp-block-heading\">M\u00f6chten Sie aufr\u00fcsten?<\/h1>\n\n<p>Unsere Rollladensysteme k\u00f6nnen in Kombination mit Ihrer Bestellung von Fenstern und T\u00fcren oder separat entworfen, geliefert und installiert werden.  Bitte setzen Sie sich mit uns in Verbindung, um ein Angebot einzuholen.&nbsp;&nbsp;<\/p>\n\n<h3 class=\"wp-block-heading\">Lassen Sie uns reden<\/h3>\n\n<p>Nehmen Sie Kontakt mit uns auf und teilen Sie uns Ihren Bedarf mit.  Wir werden Ihnen bei Ihrem Projekt helfen.<\/p>\n\n<div class=\"wp-block-buttons is-layout-flex wp-block-buttons-is-layout-flex\"><div class=\"wp-block-button\"><a class=\"wp-block-button__link\">Kontakt<\/a><\/div><\/div>\n\n<h1 class=\"wp-block-heading\">Moderne und traditionelle Fensterl\u00e4den - entworfen, gebaut und installiert<\/h1>\n\n<p>Unsere Rollladensysteme bieten weit mehr als einfachen Sonnenschutz. Sie bieten W\u00e4rmed\u00e4mmung, Schallschutz und verbessern sogar den Einbruchschutz. Dar\u00fcber hinaus sch\u00fctzen Rolll\u00e4den ein Fenster effektiv vor Wind und Wetter - besonders wichtig beim Einbau von Holzfenstern. Moderne Designs, attraktive \u00c4sthetik und verschiedene Montagearten bieten eine L\u00f6sung f\u00fcr jedes Projekt.<\/p>\n\n<figure class=\"wp-block-image size-large\"><img loading=\"lazy\" decoding=\"async\" width=\"981\" height=\"1024\" src=\"https:\/\/fenstbau.com\/wp-content\/uploads\/2024\/11\/3-3-981x1024.jpg\" alt class=\"wp-image-408\" srcset=\"https:\/\/fenstbau.com\/wp-content\/uploads\/2024\/11\/3-3-981x1024.jpg 981w, https:\/\/fenstbau.com\/wp-content\/uploads\/2024\/11\/3-3-287x300.jpg 287w, https:\/\/fenstbau.com\/wp-content\/uploads\/2024\/11\/3-3-768x802.jpg 768w, https:\/\/fenstbau.com\/wp-content\/uploads\/2024\/11\/3-3.jpg 1182w\" sizes=\"auto, (max-width: 981px) 100vw, 981px\" \/><\/figure>\n\n<figure class=\"wp-block-image size-large\"><img loading=\"lazy\" decoding=\"async\" width=\"981\" height=\"1024\" src=\"https:\/\/fenstbau.com\/wp-content\/uploads\/2024\/11\/11-1-981x1024.jpg\" alt class=\"wp-image-397\" srcset=\"https:\/\/fenstbau.com\/wp-content\/uploads\/2024\/11\/11-1-981x1024.jpg 981w, https:\/\/fenstbau.com\/wp-content\/uploads\/2024\/11\/11-1-287x300.jpg 287w, https:\/\/fenstbau.com\/wp-content\/uploads\/2024\/11\/11-1-768x802.jpg 768w, https:\/\/fenstbau.com\/wp-content\/uploads\/2024\/11\/11-1.jpg 1182w\" sizes=\"auto, (max-width: 981px) 100vw, 981px\" \/><\/figure>\n\n<figure class=\"wp-block-image size-large\"><img loading=\"lazy\" decoding=\"async\" width=\"982\" height=\"1024\" src=\"https:\/\/fenstbau.com\/wp-content\/uploads\/2024\/11\/1-3-982x1024.jpg\" alt class=\"wp-image-406\" srcset=\"https:\/\/fenstbau.com\/wp-content\/uploads\/2024\/11\/1-3-982x1024.jpg 982w, https:\/\/fenstbau.com\/wp-content\/uploads\/2024\/11\/1-3-288x300.jpg 288w, https:\/\/fenstbau.com\/wp-content\/uploads\/2024\/11\/1-3-768x801.jpg 768w, https:\/\/fenstbau.com\/wp-content\/uploads\/2024\/11\/1-3.jpg 1182w\" sizes=\"auto, (max-width: 982px) 100vw, 982px\" \/><\/figure>\n\n<h2 class=\"wp-block-heading\">Rollladensysteme&nbsp;<\/h2>\n\n<p>Au\u00dfenliegende Fensterl\u00e4den sind immer noch eine \u00e4u\u00dferst praktische, aber untersch\u00e4tzte L\u00f6sung.&nbsp;<\/p><p>Dank innovativer Designs und zahlreicher M\u00f6glichkeiten zur Personalisierung k\u00f6nnen die Komponenten auf Ihr Projekt zugeschnitten werden und werden auf der Au\u00dfenseite des Fensterrahmens montiert.&nbsp;<\/p><p>Die Fensterl\u00e4den passen zu fast jeder Hausfassade und sind in einer Reihe von Farben und Profilen erh\u00e4ltlich. Sie bieten ein ansprechendes, modernes Design, das zu Farbe und Stil der Au\u00dfenwand passt.&nbsp;<\/p>\n\n<figure class=\"wp-block-image size-large\"><img loading=\"lazy\" decoding=\"async\" width=\"976\" height=\"1024\" src=\"https:\/\/fenstbau.com\/wp-content\/uploads\/2024\/11\/13-2-1-976x1024.jpg\" alt class=\"wp-image-399\" srcset=\"https:\/\/fenstbau.com\/wp-content\/uploads\/2024\/11\/13-2-1-976x1024.jpg 976w, https:\/\/fenstbau.com\/wp-content\/uploads\/2024\/11\/13-2-1-286x300.jpg 286w, https:\/\/fenstbau.com\/wp-content\/uploads\/2024\/11\/13-2-1-768x806.jpg 768w, https:\/\/fenstbau.com\/wp-content\/uploads\/2024\/11\/13-2-1.jpg 1180w\" sizes=\"auto, (max-width: 976px) 100vw, 976px\" \/><\/figure>\n\n<figure class=\"wp-block-image size-full\"><img decoding=\"async\" src=\"https:\/\/fenstbau.com\/wp-content\/uploads\/2024\/11\/11.jpg\" alt class=\"wp-image-376\" width=\"150\" srcset=\"https:\/\/fenstbau.com\/wp-content\/uploads\/2024\/11\/11.jpg 1182w, https:\/\/fenstbau.com\/wp-content\/uploads\/2024\/11\/11-287x300.jpg 287w, https:\/\/fenstbau.com\/wp-content\/uploads\/2024\/11\/11-981x1024.jpg 981w, https:\/\/fenstbau.com\/wp-content\/uploads\/2024\/11\/11-768x802.jpg 768w\" sizes=\"(max-width: 1182px) 100vw, 1182px\" \/><\/figure>\n\n<h2 class=\"wp-block-heading\">Materialien<\/h2>\n\n<p>Die Rollladensysteme werden meist aus Profilen aus hochwertigem Aluminiumblech hergestellt, die mit Polyurethanschaum gef\u00fcllt und mit speziellen zweischichtigen Lackierungen im PU\/PA-System versehen sind. Diese L\u00f6sung macht sie widerstandsf\u00e4higer gegen Abrieb und Witterungseinfl\u00fcsse.&nbsp;<\/p><p>Es gibt auch Profile aus stranggepresstem Aluminium, die steifer und stabiler sind, und Kunststoffprofile, die je nach dem gew\u00e4hlten System verwendet werden.&nbsp;<\/p><p>Eine breite Farbpalette erleichtert die Anpassung der Rolll\u00e4den an die jeweilige Fassade erheblich.<\/p>\n\n<figure class=\"wp-block-image size-large\"><img loading=\"lazy\" decoding=\"async\" width=\"978\" height=\"1024\" src=\"https:\/\/fenstbau.com\/wp-content\/uploads\/2024\/11\/21-2-978x1024.jpg\" alt class=\"wp-image-831\" srcset=\"https:\/\/fenstbau.com\/wp-content\/uploads\/2024\/11\/21-2-978x1024.jpg 978w, https:\/\/fenstbau.com\/wp-content\/uploads\/2024\/11\/21-2-286x300.jpg 286w, https:\/\/fenstbau.com\/wp-content\/uploads\/2024\/11\/21-2-768x804.jpg 768w, https:\/\/fenstbau.com\/wp-content\/uploads\/2024\/11\/21-2.jpg 1182w\" sizes=\"auto, (max-width: 978px) 100vw, 978px\" \/><\/figure>\n\n<figure class=\"wp-block-image size-full\"><img decoding=\"async\" src=\"https:\/\/fenstbau.com\/wp-content\/uploads\/2024\/11\/15-3.png\" alt class=\"wp-image-401\" width=\"150\" srcset=\"https:\/\/fenstbau.com\/wp-content\/uploads\/2024\/11\/15-3.png 349w, https:\/\/fenstbau.com\/wp-content\/uploads\/2024\/11\/15-3-202x300.png 202w\" sizes=\"(max-width: 349px) 100vw, 349px\" \/><\/figure>\n\n<h1 class=\"wp-block-heading\">Ventimiglia Fensterl\u00e4den&nbsp;<\/h1>\n\nMit der Serie XXMiglia k\u00f6nnen wir Ihnen eine minimalistische Rollladenl\u00f6sung anbieten. Mit einer Fl\u00fcgeldicke von nur 30 mm entspricht dieses System allen architektonischen Anforderungen und Stilen und bietet gleichzeitig Beschattung und Privatsph\u00e4re. <br><br>Die Qualit\u00e4t des Produkts und der verwendeten Materialien garantiert die Langlebigkeit des Systems und den Schutz des Hauses vor Umwelteinfl\u00fcssen.\n\n<figure class=\"wp-block-image size-full\"><img loading=\"lazy\" decoding=\"async\" width=\"751\" height=\"820\" src=\"https:\/\/fenstbau.com\/wp-content\/uploads\/2024\/11\/8-1.png\" alt class=\"wp-image-394\" srcset=\"https:\/\/fenstbau.com\/wp-content\/uploads\/2024\/11\/8-1.png 751w, https:\/\/fenstbau.com\/wp-content\/uploads\/2024\/11\/8-1-275x300.png 275w\" sizes=\"auto, (max-width: 751px) 100vw, 751px\" \/><\/figure>\n\n<h1 class=\"wp-block-heading\">Genovese Fensterl\u00e4den&nbsp;<\/h1>\n\nDie Rollladenserie Genovese verbindet auf perfekte Weise traditionelles Design und Tradition mit der unvergleichlichen Haltbarkeit und Vielseitigkeit von Aluminium.<div><br><\/div><div>Die M\u00f6glichkeit, verschiedene Arten von Lamellen, sowohl feste als auch verstellbare, zu integrieren, verleiht dem System Flexibilit\u00e4t und sorgt f\u00fcr die gew\u00fcnschten Lichtverh\u00e4ltnisse im Innenbereich. Die hohe Materialqualit\u00e4t garantiert, dass die H\u00e4user vor schweren St\u00fcrmen und Witterungseinfl\u00fcssen gesch\u00fctzt sind und gleichzeitig das Risiko von Einbr\u00fcchen verringert wird.<\/div>\n\n<figure class=\"wp-block-image size-full\"><img loading=\"lazy\" decoding=\"async\" width=\"729\" height=\"791\" src=\"https:\/\/fenstbau.com\/wp-content\/uploads\/2024\/11\/6-1.png\" alt class=\"wp-image-392\" srcset=\"https:\/\/fenstbau.com\/wp-content\/uploads\/2024\/11\/6-1.png 729w, https:\/\/fenstbau.com\/wp-content\/uploads\/2024\/11\/6-1-276x300.png 276w\" sizes=\"auto, (max-width: 729px) 100vw, 729px\" \/><\/figure>\n\n<h1 class=\"wp-block-heading\">Schiebeladensysteme&nbsp;<\/h1>\n\nSchiebeladensysteme erleichtern die Beschattung gro\u00dfer Glasfl\u00e4chen.<br><br>Zu ihren wichtigsten Vorteilen geh\u00f6ren die einfache Handhabung der L\u00e4den, ihre Vielseitigkeit und die \u00e4sthetische Wirkung, die sie auf die Fassade haben. Da sie au\u00dferdem im Vergleich zu herk\u00f6mmlichen Systemen ein viel geringeres Volumen einnehmen, sind Schiebel\u00e4den die ideale Wahl, wenn eine optimale Raumaufteilung gew\u00fcnscht wird.\n\n<figure class=\"wp-block-image size-full\"><img loading=\"lazy\" decoding=\"async\" width=\"757\" height=\"806\" src=\"https:\/\/fenstbau.com\/wp-content\/uploads\/2024\/11\/14-1.png\" alt class=\"wp-image-400\" srcset=\"https:\/\/fenstbau.com\/wp-content\/uploads\/2024\/11\/14-1.png 757w, https:\/\/fenstbau.com\/wp-content\/uploads\/2024\/11\/14-1-282x300.png 282w\" sizes=\"auto, (max-width: 757px) 100vw, 757px\" \/><\/figure>\n\n<h1 class=\"wp-block-heading\">Rollladensysteme&nbsp;<\/h1>\n\nRolll\u00e4den gibt es als Vorbausysteme, Unterputzsysteme, Aufsatzsysteme und einbruchhemmende L\u00f6sungen.&nbsp;&nbsp;<br><br>Neben dem Schutz vor Witterungseinfl\u00fcssen und L\u00e4rm kann ein richtig ausgew\u00e4hltes System von Au\u00dfenrolll\u00e4den auch Schutz vor Einbr\u00fcchen bieten.  Bei ung\u00fcnstigen Witterungsbedingungen bilden sie eine Barriere, die den Innenraum wirksam vor W\u00e4rmeverlusten sch\u00fctzt.&nbsp;<br><br>Unsere Rolll\u00e4den k\u00f6nnen zus\u00e4tzlich mit einem Insektenschutzgitter ausgestattet werden, das einen wirksamen Schutz der R\u00e4ume vor Insekten gew\u00e4hrleistet.\n\n<figure class=\"wp-block-image size-full\"><img loading=\"lazy\" decoding=\"async\" width=\"365\" height=\"456\" src=\"https:\/\/fenstbau.com\/wp-content\/uploads\/2024\/11\/13-4.png\" alt class=\"wp-image-830\" srcset=\"https:\/\/fenstbau.com\/wp-content\/uploads\/2024\/11\/13-4.png 365w, https:\/\/fenstbau.com\/wp-content\/uploads\/2024\/11\/13-4-240x300.png 240w\" sizes=\"auto, (max-width: 365px) 100vw, 365px\" \/><\/figure>","protected":false},"excerpt":{"rendered":"<p>M\u00f6chten Sie aufr\u00fcsten? Unsere Rollladensysteme k\u00f6nnen in Kombination mit Ihrer Bestellung von Fenstern und T\u00fcren oder separat entworfen, geliefert und installiert werden.  Bitte setzen Sie sich mit uns in Verbindung, um ein Angebot einzuholen.   Sprechen Sie mit uns und teilen Sie uns Ihre Bed\u00fcrfnisse mit.  Wir werden Ihnen bei Ihrem Projekt helfen. Modern und traditionell [...]<\/p>","protected":false},"author":1,"featured_media":0,"parent":0,"menu_order":0,"comment_status":"closed","ping_status":"closed","template":"","meta":{"footnotes":""},"class_list":["post-165","page","type-page","status-publish","hentry"],"_links":{"self":[{"href":"https:\/\/fenstbau.com\/de\/wp-json\/wp\/v2\/pages\/165","targetHints":{"allow":["GET"]}}],"collection":[{"href":"https:\/\/fenstbau.com\/de\/wp-json\/wp\/v2\/pages"}],"about":[{"href":"https:\/\/fenstbau.com\/de\/wp-json\/wp\/v2\/types\/page"}],"author":[{"embeddable":true,"href":"https:\/\/fenstbau.com\/de\/wp-json\/wp\/v2\/users\/1"}],"replies":[{"embeddable":true,"href":"https:\/\/fenstbau.com\/de\/wp-json\/wp\/v2\/comments?post=165"}],"version-history":[{"count":30,"href":"https:\/\/fenstbau.com\/de\/wp-json\/wp\/v2\/pages\/165\/revisions"}],"predecessor-version":[{"id":905,"href":"https:\/\/fenstbau.com\/de\/wp-json\/wp\/v2\/pages\/165\/revisions\/905"}],"wp:attachment":[{"href":"https:\/\/fenstbau.com\/de\/wp-json\/wp\/v2\/media?parent=165"}],"curies":[{"name":"wp","href":"https:\/\/api.w.org\/{rel}","templated":true}]}}